{"id":13,"date":"2024-03-14T10:50:22","date_gmt":"2024-03-14T13:50:22","guid":{"rendered":"https:\/\/kinp.local\/?page_id=13"},"modified":"2025-04-25T18:51:34","modified_gmt":"2025-04-25T21:51:34","slug":"about-us","status":"publish","type":"page","link":"https:\/\/kinpgroup.com\/en\/about-us\/","title":{"rendered":"About us"},"content":{"rendered":"\t\t<div data-elementor-type=\"wp-page\" data-elementor-id=\"13\" class=\"elementor elementor-13\" data-elementor-post-type=\"page\">\n\t\t\t\t<div class=\"elementor-element elementor-element-0c03e16 e-flex e-con-boxed e-con e-parent\" data-id=\"0c03e16\" data-element_type=\"container\" data-settings=\"{&quot;background_background&quot;:&quot;classic&quot;}\">\n\t\t\t\t\t<div class=\"e-con-inner\">\n\t\t<div class=\"elementor-element elementor-element-db4ef97 e-con-full e-flex e-con e-child\" data-id=\"db4ef97\" data-element_type=\"container\">\n\t\t\t\t<div class=\"elementor-element elementor-element-8ad9a37 elementor-invisible elementor-widget elementor-widget-heading\" data-id=\"8ad9a37\" data-element_type=\"widget\" data-settings=\"{&quot;_animation&quot;:&quot;fadeInDown&quot;,&quot;_animation_delay&quot;:100}\" data-widget_type=\"heading.default\">\n\t\t\t\t<div class=\"elementor-widget-container\">\n\t\t\t\t\t<h1 class=\"elementor-heading-title elementor-size-default\">Nosso manifesto.<\/h1>\t\t\t\t<\/div>\n\t\t\t\t<\/div>\n\t\t\t\t<div class=\"elementor-element elementor-element-8f9074a elementor-invisible elementor-widget elementor-widget-text-editor\" data-id=\"8f9074a\" data-element_type=\"widget\" data-settings=\"{&quot;_animation&quot;:&quot;fadeIn&quot;,&quot;_animation_delay&quot;:300}\" data-widget_type=\"text-editor.default\">\n\t\t\t\t<div class=\"elementor-widget-container\">\n\t\t\t\t\t\t\t\t\t<p>A energia que vem de dentro impulsiona a mudan\u00e7a positiva que queremos ver acontecer l\u00e1 fora.<\/p><p>Por isso, para n\u00f3s, pessoas e suas hist\u00f3rias importam mais do que qualquer coisa. <br \/>Somos incans\u00e1veis em ser a ponte para que pessoas e organiza\u00e7\u00f5es encontrem a conex\u00e3o ideal.<\/p><p>Abrimos as janelas para o mundo, com as mentes escancaradas, enxergamos al\u00e9m de paredes e fronteiras que n\u00e3o nos limitam.<\/p><p>N\u00f3s conhecemos o mercado porque vivemos ele de perto e nossa rede se expande todas as vezes que algu\u00e9m chega com algum desafio.<\/p><p>N\u00e3o somos \u00f3bvios. Acreditamos em um processo sem burocracias, mas com profundidade e muita provoca\u00e7\u00e3o para entregar o que o nosso cliente realmente precisa e o que faz sentido para cada pessoa.<\/p><p>E essa conex\u00e3o humana com a estrat\u00e9gia nos faz ir mais longe.<\/p>\t\t\t\t\t\t\t\t<\/div>\n\t\t\t\t<\/div>\n\t\t\t\t<div class=\"elementor-element elementor-element-037522f elementor-invisible elementor-widget elementor-widget-heading\" data-id=\"037522f\" data-element_type=\"widget\" data-settings=\"{&quot;_animation&quot;:&quot;fadeInUp&quot;,&quot;_animation_delay&quot;:500}\" data-widget_type=\"heading.default\">\n\t\t\t\t<div class=\"elementor-widget-container\">\n\t\t\t\t\t<p class=\"elementor-heading-title elementor-size-default\">Kinp Group.<br \/>\nUnveiling Strategic Connections<\/p>\t\t\t\t<\/div>\n\t\t\t\t<\/div>\n\t\t\t\t<\/div>\n\t\t\t\t<div class=\"elementor-element elementor-element-dd84850 elementor-absolute elementor-hidden-mobile elementor-widget elementor-widget-image\" data-id=\"dd84850\" data-element_type=\"widget\" data-settings=\"{&quot;_position&quot;:&quot;absolute&quot;,&quot;motion_fx_motion_fx_scrolling&quot;:&quot;yes&quot;,&quot;motion_fx_translateY_effect&quot;:&quot;yes&quot;,&quot;motion_fx_translateY_direction&quot;:&quot;negative&quot;,&quot;motion_fx_translateY_speed&quot;:{&quot;unit&quot;:&quot;px&quot;,&quot;size&quot;:2,&quot;sizes&quot;:[]},&quot;motion_fx_rotateZ_effect&quot;:&quot;yes&quot;,&quot;motion_fx_translateY_affectedRange&quot;:{&quot;unit&quot;:&quot;%&quot;,&quot;size&quot;:&quot;&quot;,&quot;sizes&quot;:{&quot;start&quot;:0,&quot;end&quot;:100}},&quot;motion_fx_rotateZ_speed&quot;:{&quot;unit&quot;:&quot;px&quot;,&quot;size&quot;:1,&quot;sizes&quot;:[]},&quot;motion_fx_rotateZ_affectedRange&quot;:{&quot;unit&quot;:&quot;%&quot;,&quot;size&quot;:&quot;&quot;,&quot;sizes&quot;:{&quot;start&quot;:0,&quot;end&quot;:100}},&quot;motion_fx_devices&quot;:[&quot;desktop&quot;,&quot;laptop&quot;,&quot;tablet_extra&quot;,&quot;tablet&quot;,&quot;mobile&quot;]}\" data-widget_type=\"image.default\">\n\t\t\t\t<div class=\"elementor-widget-container\">\n\t\t\t\t\t\t\t\t\t\t\t\t\t\t\t<img fetchpriority=\"high\" decoding=\"async\" width=\"1080\" height=\"1080\" src=\"https:\/\/kinpgroup.com\/wp-content\/uploads\/2024\/03\/kinp-simbolo.png\" class=\"attachment-full size-full wp-image-94\" alt=\"\" srcset=\"https:\/\/kinpgroup.com\/wp-content\/uploads\/2024\/03\/kinp-simbolo.png 1080w, https:\/\/kinpgroup.com\/wp-content\/uploads\/2024\/03\/kinp-simbolo-300x300.png 300w, https:\/\/kinpgroup.com\/wp-content\/uploads\/2024\/03\/kinp-simbolo-1024x1024.png 1024w, https:\/\/kinpgroup.com\/wp-content\/uploads\/2024\/03\/kinp-simbolo-150x150.png 150w, https:\/\/kinpgroup.com\/wp-content\/uploads\/2024\/03\/kinp-simbolo-768x768.png 768w\" sizes=\"(max-width: 1080px) 100vw, 1080px\" \/>\t\t\t\t\t\t\t\t\t\t\t\t\t\t\t<\/div>\n\t\t\t\t<\/div>\n\t\t\t\t\t<\/div>\n\t\t\t\t<\/div>\n\t\t<div class=\"elementor-element elementor-element-1951685 e-flex e-con-boxed e-con e-parent\" data-id=\"1951685\" data-element_type=\"container\" data-settings=\"{&quot;background_background&quot;:&quot;classic&quot;,&quot;shape_divider_top&quot;:&quot;tilt&quot;,&quot;shape_divider_bottom&quot;:&quot;tilt&quot;}\">\n\t\t\t\t\t<div class=\"e-con-inner\">\n\t\t\t\t<div class=\"elementor-shape elementor-shape-top\" aria-hidden=\"true\" data-negative=\"false\">\n\t\t\t<svg xmlns=\"http:\/\/www.w3.org\/2000\/svg\" viewBox=\"0 0 1000 100\" preserveAspectRatio=\"none\">\n\t<path class=\"elementor-shape-fill\" d=\"M0,6V0h1000v100L0,6z\"\/>\n<\/svg>\t\t<\/div>\n\t\t\t\t<div class=\"elementor-shape elementor-shape-bottom\" aria-hidden=\"true\" data-negative=\"false\">\n\t\t\t<svg xmlns=\"http:\/\/www.w3.org\/2000\/svg\" viewBox=\"0 0 1000 100\" preserveAspectRatio=\"none\">\n\t<path class=\"elementor-shape-fill\" d=\"M0,6V0h1000v100L0,6z\"\/>\n<\/svg>\t\t<\/div>\n\t\t<div class=\"elementor-element elementor-element-9b59536 e-con-full e-flex e-con e-child\" data-id=\"9b59536\" data-element_type=\"container\">\n\t\t\t\t<div class=\"elementor-element elementor-element-84d28df elementor-invisible elementor-widget elementor-widget-heading\" data-id=\"84d28df\" data-element_type=\"widget\" data-settings=\"{&quot;_animation&quot;:&quot;fadeInDown&quot;,&quot;_animation_delay&quot;:100}\" data-widget_type=\"heading.default\">\n\t\t\t\t<div class=\"elementor-widget-container\">\n\t\t\t\t\t<h2 class=\"elementor-heading-title elementor-size-default\">Nosso prop\u00f3sito.<\/h2>\t\t\t\t<\/div>\n\t\t\t\t<\/div>\n\t\t\t\t<div class=\"elementor-element elementor-element-c41664e elementor-invisible elementor-widget elementor-widget-heading\" data-id=\"c41664e\" data-element_type=\"widget\" data-settings=\"{&quot;_animation&quot;:&quot;fadeInUp&quot;,&quot;_animation_delay&quot;:300}\" data-widget_type=\"heading.default\">\n\t\t\t\t<div class=\"elementor-widget-container\">\n\t\t\t\t\t<p class=\"elementor-heading-title elementor-size-default\">N\u00f3s acreditamos nas possibilidades dos encontros. <br \/><br \/>Na beleza de achar o lugar das pessoas no mundo.<\/p>\t\t\t\t<\/div>\n\t\t\t\t<\/div>\n\t\t\t\t<\/div>\n\t\t\t\t\t<\/div>\n\t\t\t\t<\/div>\n\t\t<div class=\"elementor-element elementor-element-78ae57c e-flex e-con-boxed e-con e-parent\" data-id=\"78ae57c\" data-element_type=\"container\" data-settings=\"{&quot;background_background&quot;:&quot;classic&quot;,&quot;shape_divider_bottom&quot;:&quot;tilt&quot;}\">\n\t\t\t\t\t<div class=\"e-con-inner\">\n\t\t\t\t<div class=\"elementor-shape elementor-shape-bottom\" aria-hidden=\"true\" data-negative=\"false\">\n\t\t\t<svg xmlns=\"http:\/\/www.w3.org\/2000\/svg\" viewBox=\"0 0 1000 100\" preserveAspectRatio=\"none\">\n\t<path class=\"elementor-shape-fill\" d=\"M0,6V0h1000v100L0,6z\"\/>\n<\/svg>\t\t<\/div>\n\t\t<div class=\"elementor-element elementor-element-93f61a1 e-con-full e-flex e-con e-child\" data-id=\"93f61a1\" data-element_type=\"container\">\n\t\t\t\t<div class=\"elementor-element elementor-element-db3a4b7 elementor-invisible elementor-widget elementor-widget-heading\" data-id=\"db3a4b7\" data-element_type=\"widget\" data-settings=\"{&quot;_animation&quot;:&quot;fadeInDown&quot;,&quot;_animation_delay&quot;:100}\" data-widget_type=\"heading.default\">\n\t\t\t\t<div class=\"elementor-widget-container\">\n\t\t\t\t\t<h2 class=\"elementor-heading-title elementor-size-default\">Nossos valores.<\/h2>\t\t\t\t<\/div>\n\t\t\t\t<\/div>\n\t\t\t\t<\/div>\n\t\t<div class=\"elementor-element elementor-element-34d7c44 e-con-full e-flex elementor-invisible e-con e-child\" data-id=\"34d7c44\" data-element_type=\"container\" data-settings=\"{&quot;animation&quot;:&quot;fadeIn&quot;,&quot;animation_delay&quot;:300}\">\n\t\t\t\t<div class=\"elementor-element elementor-element-3a6650e elementor-widget elementor-widget-heading\" data-id=\"3a6650e\" data-element_type=\"widget\" data-widget_type=\"heading.default\">\n\t\t\t\t<div class=\"elementor-widget-container\">\n\t\t\t\t\t<h3 class=\"elementor-heading-title elementor-size-default\">Liberdade com<br \/> responsabilidade<\/h3>\t\t\t\t<\/div>\n\t\t\t\t<\/div>\n\t\t\t\t<div class=\"elementor-element elementor-element-80a8c6b elementor-widget elementor-widget-text-editor\" data-id=\"80a8c6b\" data-element_type=\"widget\" data-widget_type=\"text-editor.default\">\n\t\t\t\t<div class=\"elementor-widget-container\">\n\t\t\t\t\t\t\t\t\t<p>Temos a alma livre, mas os p\u00e9s no ch\u00e3o. A autonomia nos d\u00e1 asas para realizar, e \u00e9 assim que al\u00e7amos voos para chegar onde queremos.<\/p>\t\t\t\t\t\t\t\t<\/div>\n\t\t\t\t<\/div>\n\t\t\t\t<\/div>\n\t\t<div class=\"elementor-element elementor-element-03e79fd e-con-full e-flex elementor-invisible e-con e-child\" data-id=\"03e79fd\" data-element_type=\"container\" data-settings=\"{&quot;animation&quot;:&quot;fadeIn&quot;,&quot;animation_delay&quot;:400}\">\n\t\t\t\t<div class=\"elementor-element elementor-element-c8a6906 elementor-widget elementor-widget-heading\" data-id=\"c8a6906\" data-element_type=\"widget\" data-widget_type=\"heading.default\">\n\t\t\t\t<div class=\"elementor-widget-container\">\n\t\t\t\t\t<h3 class=\"elementor-heading-title elementor-size-default\">Rela\u00e7\u00f5es<br \/>verdadeiras<\/h3>\t\t\t\t<\/div>\n\t\t\t\t<\/div>\n\t\t\t\t<div class=\"elementor-element elementor-element-304c05f elementor-widget elementor-widget-text-editor\" data-id=\"304c05f\" data-element_type=\"widget\" data-widget_type=\"text-editor.default\">\n\t\t\t\t<div class=\"elementor-widget-container\">\n\t\t\t\t\t\t\t\t\t<p>Nossas rela\u00e7\u00f5es s\u00e3o baseadas em princ\u00edpios \u00e9ticos que fortalecem os v\u00ednculos entre as pessoas; por isso, prezamos pela transpar\u00eancia, pelo respeito em todas as suas formas e pela verdade sempre.<\/p>\t\t\t\t\t\t\t\t<\/div>\n\t\t\t\t<\/div>\n\t\t\t\t<\/div>\n\t\t<div class=\"elementor-element elementor-element-da1a7e0 e-con-full e-flex elementor-invisible e-con e-child\" data-id=\"da1a7e0\" data-element_type=\"container\" data-settings=\"{&quot;animation&quot;:&quot;fadeIn&quot;,&quot;animation_delay&quot;:500}\">\n\t\t\t\t<div class=\"elementor-element elementor-element-ae605d3 elementor-widget elementor-widget-heading\" data-id=\"ae605d3\" data-element_type=\"widget\" data-widget_type=\"heading.default\">\n\t\t\t\t<div class=\"elementor-widget-container\">\n\t\t\t\t\t<h3 class=\"elementor-heading-title elementor-size-default\">Pot\u00eancia <br \/>coletiva<\/h3>\t\t\t\t<\/div>\n\t\t\t\t<\/div>\n\t\t\t\t<div class=\"elementor-element elementor-element-981d35d elementor-widget elementor-widget-text-editor\" data-id=\"981d35d\" data-element_type=\"widget\" data-widget_type=\"text-editor.default\">\n\t\t\t\t<div class=\"elementor-widget-container\">\n\t\t\t\t\t\t\t\t\t<p>O que nos une \u00e9 a vontade de fazer as coisas darem certo. Acreditamos que juntos somos pot\u00eancia e podemos transformar o nosso mundo.<\/p>\t\t\t\t\t\t\t\t<\/div>\n\t\t\t\t<\/div>\n\t\t\t\t<\/div>\n\t\t<div class=\"elementor-element elementor-element-bdfdd19 e-con-full e-flex elementor-invisible e-con e-child\" data-id=\"bdfdd19\" data-element_type=\"container\" data-settings=\"{&quot;animation&quot;:&quot;fadeIn&quot;,&quot;animation_delay&quot;:600}\">\n\t\t\t\t<div class=\"elementor-element elementor-element-f87a315 elementor-widget elementor-widget-heading\" data-id=\"f87a315\" data-element_type=\"widget\" data-widget_type=\"heading.default\">\n\t\t\t\t<div class=\"elementor-widget-container\">\n\t\t\t\t\t<h3 class=\"elementor-heading-title elementor-size-default\">Excel\u00eancia como <br \/>compromisso<\/h3>\t\t\t\t<\/div>\n\t\t\t\t<\/div>\n\t\t\t\t<div class=\"elementor-element elementor-element-dec75d3 elementor-widget elementor-widget-text-editor\" data-id=\"dec75d3\" data-element_type=\"widget\" data-widget_type=\"text-editor.default\">\n\t\t\t\t<div class=\"elementor-widget-container\">\n\t\t\t\t\t\t\t\t\t<p>N\u00f3s mergulhamos em tudo o que fazemos. Nada aqui \u00e9 mais ou menos. A qualidade do nosso servi\u00e7o \u00e9 inegoci\u00e1vel e isso nos move todos os dias.<\/p>\t\t\t\t\t\t\t\t<\/div>\n\t\t\t\t<\/div>\n\t\t\t\t<\/div>\n\t\t<div class=\"elementor-element elementor-element-3b476ea e-con-full e-flex elementor-invisible e-con e-child\" data-id=\"3b476ea\" data-element_type=\"container\" data-settings=\"{&quot;animation&quot;:&quot;fadeIn&quot;,&quot;animation_delay&quot;:700}\">\n\t\t\t\t<div class=\"elementor-element elementor-element-6dac63c elementor-widget elementor-widget-heading\" data-id=\"6dac63c\" data-element_type=\"widget\" data-widget_type=\"heading.default\">\n\t\t\t\t<div class=\"elementor-widget-container\">\n\t\t\t\t\t<h3 class=\"elementor-heading-title elementor-size-default\">Acreditamos nas <br \/> pessoas<\/h3>\t\t\t\t<\/div>\n\t\t\t\t<\/div>\n\t\t\t\t<div class=\"elementor-element elementor-element-63abe46 elementor-widget elementor-widget-text-editor\" data-id=\"63abe46\" data-element_type=\"widget\" data-widget_type=\"text-editor.default\">\n\t\t\t\t<div class=\"elementor-widget-container\">\n\t\t\t\t\t\t\t\t\t<p>Cada pessoa importa. Respeitamos suas hist\u00f3rias, suas diferen\u00e7as e seu papel no mundo. E por isso, n\u00e3o abrimos m\u00e3o de acreditar que cada um \u00e9 parte do todo.<\/p>\t\t\t\t\t\t\t\t<\/div>\n\t\t\t\t<\/div>\n\t\t\t\t<\/div>\n\t\t<div class=\"elementor-element elementor-element-ba89d90 e-con-full e-flex elementor-invisible e-con e-child\" data-id=\"ba89d90\" data-element_type=\"container\" data-settings=\"{&quot;animation&quot;:&quot;fadeIn&quot;,&quot;animation_delay&quot;:800}\">\n\t\t\t\t<div class=\"elementor-element elementor-element-a77f713 elementor-widget elementor-widget-image\" data-id=\"a77f713\" data-element_type=\"widget\" data-widget_type=\"image.default\">\n\t\t\t\t<div class=\"elementor-widget-container\">\n\t\t\t\t\t\t\t\t\t\t\t\t\t\t\t<img decoding=\"async\" width=\"304\" height=\"304\" src=\"https:\/\/kinpgroup.com\/wp-content\/uploads\/2024\/04\/LOGO-KINP-GROUP-V-600X600-BRANCA.png\" class=\"attachment-full size-full wp-image-519\" alt=\"\" srcset=\"https:\/\/kinpgroup.com\/wp-content\/uploads\/2024\/04\/LOGO-KINP-GROUP-V-600X600-BRANCA.png 304w, https:\/\/kinpgroup.com\/wp-content\/uploads\/2024\/04\/LOGO-KINP-GROUP-V-600X600-BRANCA-300x300.png 300w, https:\/\/kinpgroup.com\/wp-content\/uploads\/2024\/04\/LOGO-KINP-GROUP-V-600X600-BRANCA-150x150.png 150w\" sizes=\"(max-width: 304px) 100vw, 304px\" \/>\t\t\t\t\t\t\t\t\t\t\t\t\t\t\t<\/div>\n\t\t\t\t<\/div>\n\t\t\t\t<\/div>\n\t\t\t\t\t<\/div>\n\t\t\t\t<\/div>\n\t\t\t\t<\/div>\n\t\t","protected":false},"excerpt":{"rendered":"<p>Nosso manifesto. A energia que vem de dentro impulsiona a mudan\u00e7a positiva que queremos ver acontecer l\u00e1 fora. Por isso, para n\u00f3s, pessoas e suas hist\u00f3rias importam mais do que qualquer coisa. Somos incans\u00e1veis em ser a ponte para que pessoas e organiza\u00e7\u00f5es encontrem a conex\u00e3o ideal. Abrimos as janelas para o mundo, com as [&hellip;]<\/p>\n","protected":false},"author":1,"featured_media":0,"parent":0,"menu_order":0,"comment_status":"closed","ping_status":"closed","template":"elementor_header_footer","meta":{"footnotes":""},"_links":{"self":[{"href":"https:\/\/kinpgroup.com\/en\/wp-json\/wp\/v2\/pages\/13"}],"collection":[{"href":"https:\/\/kinpgroup.com\/en\/wp-json\/wp\/v2\/pages"}],"about":[{"href":"https:\/\/kinpgroup.com\/en\/wp-json\/wp\/v2\/types\/page"}],"author":[{"embeddable":true,"href":"https:\/\/kinpgroup.com\/en\/wp-json\/wp\/v2\/users\/1"}],"replies":[{"embeddable":true,"href":"https:\/\/kinpgroup.com\/en\/wp-json\/wp\/v2\/comments?post=13"}],"version-history":[{"count":3,"href":"https:\/\/kinpgroup.com\/en\/wp-json\/wp\/v2\/pages\/13\/revisions"}],"predecessor-version":[{"id":948,"href":"https:\/\/kinpgroup.com\/en\/wp-json\/wp\/v2\/pages\/13\/revisions\/948"}],"wp:attachment":[{"href":"https:\/\/kinpgroup.com\/en\/wp-json\/wp\/v2\/media?parent=13"}],"curies":[{"name":"wp","href":"https:\/\/api.w.org\/{rel}","templated":true}]}}