{"id":15,"date":"2024-03-14T10:50:42","date_gmt":"2024-03-14T13:50:42","guid":{"rendered":"https:\/\/kinp.local\/?page_id=15"},"modified":"2025-04-25T18:51:49","modified_gmt":"2025-04-25T21:51:49","slug":"where-we-are","status":"publish","type":"page","link":"https:\/\/kinpgroup.com\/en\/where-we-are\/","title":{"rendered":"Where we are"},"content":{"rendered":"\t\t<div data-elementor-type=\"wp-page\" data-elementor-id=\"15\" class=\"elementor elementor-15\" data-elementor-post-type=\"page\">\n\t\t\t\t<div class=\"elementor-element elementor-element-288ac06 e-flex e-con-boxed e-con e-parent\" data-id=\"288ac06\" data-element_type=\"container\" data-settings=\"{&quot;background_background&quot;:&quot;classic&quot;}\">\n\t\t\t\t\t<div class=\"e-con-inner\">\n\t\t<div class=\"elementor-element elementor-element-f0e661e e-con-full e-flex e-con e-child\" data-id=\"f0e661e\" data-element_type=\"container\">\n\t\t\t\t<div class=\"elementor-element elementor-element-779b3f5 elementor-invisible elementor-widget elementor-widget-heading\" data-id=\"779b3f5\" data-element_type=\"widget\" data-settings=\"{&quot;_animation&quot;:&quot;fadeInDown&quot;}\" data-widget_type=\"heading.default\">\n\t\t\t\t<div class=\"elementor-widget-container\">\n\t\t\t\t\t<h1 class=\"elementor-heading-title elementor-size-default\">Onde estamos<\/h1>\t\t\t\t<\/div>\n\t\t\t\t<\/div>\n\t\t\t\t<div class=\"elementor-element elementor-element-b5fdf86 elementor-invisible elementor-widget elementor-widget-text-editor\" data-id=\"b5fdf86\" data-element_type=\"widget\" data-settings=\"{&quot;_animation&quot;:&quot;fadeInUp&quot;,&quot;_animation_delay&quot;:500}\" data-widget_type=\"text-editor.default\">\n\t\t\t\t<div class=\"elementor-widget-container\">\n\t\t\t\t\t\t\t\t\t<p>N\u00f3s n\u00e3o negamos um desafio. E por isso, sempre vamos al\u00e9m. Nossa rede se expande. As fronteiras nunca tiveram limites para n\u00f3s.<\/p><p>Com um movimento constante de inova\u00e7\u00e3o e a inquietude para chegar onde o nosso cliente precisa, atuamos globalmente com projetos realizados em diversos pa\u00edses na Am\u00e9rica Latina, Estados Unidos, Austr\u00e1lia e mundo afora.<\/p><p>Nossos especialistas est\u00e3o preparados para te ajudar em qualquer lugar.<\/p>\t\t\t\t\t\t\t\t<\/div>\n\t\t\t\t<\/div>\n\t\t\t\t<\/div>\n\t\t<div class=\"elementor-element elementor-element-1acb47b e-con-full e-flex e-con e-child\" data-id=\"1acb47b\" data-element_type=\"container\">\n\t\t\t\t<div class=\"elementor-element elementor-element-b5b8163 elementor-invisible elementor-widget elementor-widget-global elementor-global-536 elementor-widget-hotspot\" data-id=\"b5b8163\" data-element_type=\"widget\" data-settings=\"{&quot;hotspot&quot;:[{&quot;_id&quot;:&quot;3d515db&quot;,&quot;hotspot_custom_size&quot;:&quot;&quot;,&quot;hotspot_width&quot;:{&quot;unit&quot;:&quot;px&quot;,&quot;size&quot;:80,&quot;sizes&quot;:[]},&quot;hotspot_height&quot;:{&quot;unit&quot;:&quot;px&quot;,&quot;size&quot;:80,&quot;sizes&quot;:[]},&quot;hotspot_tooltip_content&quot;:&quot;&lt;h4&gt;&lt;strong&gt;&lt;span style=\\&quot;color: #ee701b;\\&quot;&gt;TAMPA, FL&lt;\\\/span&gt;&lt;\\\/strong&gt;&lt;\\\/h4&gt;&lt;p&gt;&lt;strong&gt;&lt;span style=\\&quot;color: #333333;\\&quot;&gt;Escrit\\u00f3rio&lt;\\\/span&gt;&lt;\\\/strong&gt;&lt;\\\/p&gt;&quot;,&quot;hotspot_offset_x&quot;:{&quot;unit&quot;:&quot;%&quot;,&quot;size&quot;:23,&quot;sizes&quot;:[]},&quot;hotspot_offset_y&quot;:{&quot;unit&quot;:&quot;%&quot;,&quot;size&quot;:48,&quot;sizes&quot;:[]},&quot;hotspot_tooltip_position&quot;:&quot;&quot;,&quot;hotspot_label&quot;:&quot;&quot;,&quot;hotspot_link&quot;:{&quot;url&quot;:&quot;&quot;,&quot;is_external&quot;:&quot;&quot;,&quot;nofollow&quot;:&quot;&quot;,&quot;custom_attributes&quot;:&quot;&quot;},&quot;hotspot_icon&quot;:{&quot;value&quot;:&quot;&quot;,&quot;library&quot;:&quot;&quot;},&quot;hotspot_horizontal&quot;:&quot;left&quot;,&quot;hotspot_vertical&quot;:&quot;top&quot;,&quot;hotspot_position&quot;:null},{&quot;hotspot_custom_size&quot;:&quot;&quot;,&quot;hotspot_width&quot;:{&quot;unit&quot;:&quot;px&quot;,&quot;size&quot;:80,&quot;sizes&quot;:[]},&quot;hotspot_height&quot;:{&quot;unit&quot;:&quot;px&quot;,&quot;size&quot;:80,&quot;sizes&quot;:[]},&quot;hotspot_tooltip_content&quot;:&quot;&lt;h4&gt;&lt;strong&gt;&lt;span style=\\&quot;color: #ee701b;\\&quot;&gt;S\\u00c3O PAULO, SP&lt;\\\/span&gt;&lt;\\\/strong&gt;&lt;\\\/h4&gt;&lt;p&gt;&lt;strong&gt;&lt;span style=\\&quot;color: #333333;\\&quot;&gt;Escrit\\u00f3rio&lt;\\\/span&gt;&lt;\\\/strong&gt;&lt;\\\/p&gt;&quot;,&quot;hotspot_offset_x&quot;:{&quot;unit&quot;:&quot;%&quot;,&quot;size&quot;:33,&quot;sizes&quot;:[]},&quot;hotspot_offset_y&quot;:{&quot;unit&quot;:&quot;%&quot;,&quot;size&quot;:81,&quot;sizes&quot;:[]},&quot;hotspot_tooltip_position&quot;:&quot;&quot;,&quot;_id&quot;:&quot;da2b728&quot;,&quot;hotspot_offset_x_mobile&quot;:{&quot;unit&quot;:&quot;px&quot;,&quot;size&quot;:30,&quot;sizes&quot;:[]},&quot;hotspot_offset_y_mobile&quot;:{&quot;unit&quot;:&quot;px&quot;,&quot;size&quot;:96,&quot;sizes&quot;:[]},&quot;hotspot_label&quot;:&quot;&quot;,&quot;hotspot_link&quot;:{&quot;url&quot;:&quot;&quot;,&quot;is_external&quot;:&quot;&quot;,&quot;nofollow&quot;:&quot;&quot;,&quot;custom_attributes&quot;:&quot;&quot;},&quot;hotspot_icon&quot;:{&quot;value&quot;:&quot;&quot;,&quot;library&quot;:&quot;&quot;},&quot;hotspot_horizontal&quot;:&quot;left&quot;,&quot;hotspot_vertical&quot;:&quot;top&quot;,&quot;hotspot_position&quot;:null},{&quot;hotspot_custom_size&quot;:&quot;&quot;,&quot;hotspot_width&quot;:{&quot;unit&quot;:&quot;px&quot;,&quot;size&quot;:80,&quot;sizes&quot;:[]},&quot;hotspot_height&quot;:{&quot;unit&quot;:&quot;px&quot;,&quot;size&quot;:80,&quot;sizes&quot;:[]},&quot;hotspot_tooltip_content&quot;:&quot;&lt;h4&gt;&lt;strong&gt;&lt;span style=\\&quot;color: #ee701b;\\&quot;&gt;RIO DE JANEIRO, RJ&lt;\\\/span&gt;&lt;\\\/strong&gt;&lt;\\\/h4&gt;&lt;p&gt;&lt;strong&gt;&lt;span style=\\&quot;color: #333333;\\&quot;&gt;Escrit\\u00f3rio&lt;\\\/span&gt;&lt;\\\/strong&gt;&lt;\\\/p&gt;&quot;,&quot;hotspot_offset_x&quot;:{&quot;unit&quot;:&quot;%&quot;,&quot;size&quot;:35,&quot;sizes&quot;:[]},&quot;hotspot_offset_y&quot;:{&quot;unit&quot;:&quot;%&quot;,&quot;size&quot;:77,&quot;sizes&quot;:[]},&quot;hotspot_tooltip_position&quot;:&quot;&quot;,&quot;_id&quot;:&quot;2216d60&quot;,&quot;hotspot_offset_y_mobile&quot;:{&quot;unit&quot;:&quot;px&quot;,&quot;size&quot;:80,&quot;sizes&quot;:[]},&quot;hotspot_label&quot;:&quot;&quot;,&quot;hotspot_link&quot;:{&quot;url&quot;:&quot;&quot;,&quot;is_external&quot;:&quot;&quot;,&quot;nofollow&quot;:&quot;&quot;,&quot;custom_attributes&quot;:&quot;&quot;},&quot;hotspot_icon&quot;:{&quot;value&quot;:&quot;&quot;,&quot;library&quot;:&quot;&quot;},&quot;hotspot_horizontal&quot;:&quot;left&quot;,&quot;hotspot_vertical&quot;:&quot;top&quot;,&quot;hotspot_position&quot;:null}],&quot;tooltip_position&quot;:&quot;left&quot;,&quot;tooltip_trigger&quot;:&quot;mouseenter&quot;,&quot;tooltip_position_mobile&quot;:&quot;top&quot;,&quot;_animation&quot;:&quot;fadeIn&quot;,&quot;_animation_delay&quot;:0.6,&quot;tooltip_animation&quot;:&quot;e-hotspot--fade-in-out&quot;}\" data-widget_type=\"hotspot.default\">\n\t\t\t\t<div class=\"elementor-widget-container\">\n\t\t\t\t\t<img fetchpriority=\"high\" decoding=\"async\" width=\"1601\" height=\"903\" src=\"https:\/\/kinpgroup.com\/wp-content\/uploads\/2024\/03\/Kinp-Mapa-de-Atuacao.png\" class=\"attachment-full size-full wp-image-217\" alt=\"\" srcset=\"https:\/\/kinpgroup.com\/wp-content\/uploads\/2024\/03\/Kinp-Mapa-de-Atuacao.png 1601w, https:\/\/kinpgroup.com\/wp-content\/uploads\/2024\/03\/Kinp-Mapa-de-Atuacao-300x169.png 300w, https:\/\/kinpgroup.com\/wp-content\/uploads\/2024\/03\/Kinp-Mapa-de-Atuacao-1024x578.png 1024w, https:\/\/kinpgroup.com\/wp-content\/uploads\/2024\/03\/Kinp-Mapa-de-Atuacao-768x433.png 768w, https:\/\/kinpgroup.com\/wp-content\/uploads\/2024\/03\/Kinp-Mapa-de-Atuacao-1536x866.png 1536w\" sizes=\"(max-width: 1601px) 100vw, 1601px\" \/>\n\t\t\t\t\t\t<div class=\"e-hotspot elementor-repeater-item-3d515db  e-hotspot--position-left e-hotspot--position-top   e-hotspot--circle\">\n\n\t\t\t\t\t\t\t\t<div class=\"e-hotspot__button e-hotspot--expand\">\n\t\t\t\t\t\t\t\t\t\t\t<div class=\"e-hotspot__outer-circle\"><\/div>\n\t\t\t\t\t\t<div class=\"e-hotspot__inner-circle\"><\/div>\n\t\t\t\t\t\t\t\t\t<\/div>\n\n\t\t\t\t\t\t\t\t\t\t\t\t\t\t\t\t\t\t<div class=\"e-hotspot__tooltip  e-hotspot--tooltip-position e-hotspot--fade-in-out \" >\n\t\t\t\t\t\t<h4><strong><span style=\"color: #ee701b;\">TAMPA, FL<\/span><\/strong><\/h4><p><strong><span style=\"color: #333333;\">Escrit\u00f3rio<\/span><\/strong><\/p>\t\t\t\t\t<\/div>\n\t\t\t\t\t\t\t\t\t\n\t\t\t<\/div>\n\n\t\n\t\t\t\t\t\t<div class=\"e-hotspot elementor-repeater-item-da2b728  e-hotspot--position-left e-hotspot--position-top   e-hotspot--circle\">\n\n\t\t\t\t\t\t\t\t<div class=\"e-hotspot__button e-hotspot--expand\">\n\t\t\t\t\t\t\t\t\t\t\t<div class=\"e-hotspot__outer-circle\"><\/div>\n\t\t\t\t\t\t<div class=\"e-hotspot__inner-circle\"><\/div>\n\t\t\t\t\t\t\t\t\t<\/div>\n\n\t\t\t\t\t\t\t\t\t\t\t\t\t\t\t\t\t\t<div class=\"e-hotspot__tooltip  e-hotspot--tooltip-position e-hotspot--fade-in-out \" >\n\t\t\t\t\t\t<h4><strong><span style=\"color: #ee701b;\">S\u00c3O PAULO, SP<\/span><\/strong><\/h4><p><strong><span style=\"color: #333333;\">Escrit\u00f3rio<\/span><\/strong><\/p>\t\t\t\t\t<\/div>\n\t\t\t\t\t\t\t\t\t\n\t\t\t<\/div>\n\n\t\n\t\t\t\t\t\t<div class=\"e-hotspot elementor-repeater-item-2216d60  e-hotspot--position-left e-hotspot--position-top   e-hotspot--circle\">\n\n\t\t\t\t\t\t\t\t<div class=\"e-hotspot__button e-hotspot--expand\">\n\t\t\t\t\t\t\t\t\t\t\t<div class=\"e-hotspot__outer-circle\"><\/div>\n\t\t\t\t\t\t<div class=\"e-hotspot__inner-circle\"><\/div>\n\t\t\t\t\t\t\t\t\t<\/div>\n\n\t\t\t\t\t\t\t\t\t\t\t\t\t\t\t\t\t\t<div class=\"e-hotspot__tooltip  e-hotspot--tooltip-position e-hotspot--fade-in-out \" >\n\t\t\t\t\t\t<h4><strong><span style=\"color: #ee701b;\">RIO DE JANEIRO, RJ<\/span><\/strong><\/h4><p><strong><span style=\"color: #333333;\">Escrit\u00f3rio<\/span><\/strong><\/p>\t\t\t\t\t<\/div>\n\t\t\t\t\t\t\t\t\t\n\t\t\t<\/div>\n\n\t\n\t\t\t\t\t\t<\/div>\n\t\t\t\t<\/div>\n\t\t\t\t<\/div>\n\t\t\t\t<div class=\"elementor-element elementor-element-a601fbc elementor-align-center elementor-invisible elementor-widget elementor-widget-button\" data-id=\"a601fbc\" data-element_type=\"widget\" data-settings=\"{&quot;_animation&quot;:&quot;fadeInUp&quot;,&quot;_animation_delay&quot;:500}\" data-widget_type=\"button.default\">\n\t\t\t\t<div class=\"elementor-widget-container\">\n\t\t\t\t\t\t\t\t\t<div class=\"elementor-button-wrapper\">\n\t\t\t\t\t<a class=\"elementor-button elementor-button-link elementor-size-sm\" href=\"https:\/\/kinpgroup.com\/en\/contact\/\">\n\t\t\t\t\t\t<span class=\"elementor-button-content-wrapper\">\n\t\t\t\t\t\t\t\t\t<span class=\"elementor-button-text\">Fale conosco<\/span>\n\t\t\t\t\t<\/span>\n\t\t\t\t\t<\/a>\n\t\t\t\t<\/div>\n\t\t\t\t\t\t\t\t<\/div>\n\t\t\t\t<\/div>\n\t\t\t\t\t<\/div>\n\t\t\t\t<\/div>\n\t\t\t\t<\/div>\n\t\t","protected":false},"excerpt":{"rendered":"<p>Onde estamos N\u00f3s n\u00e3o negamos um desafio. E por isso, sempre vamos al\u00e9m. Nossa rede se expande. As fronteiras nunca tiveram limites para n\u00f3s. Com um movimento constante de inova\u00e7\u00e3o e a inquietude para chegar onde o nosso cliente precisa, atuamos globalmente com projetos realizados em diversos pa\u00edses na Am\u00e9rica Latina, Estados Unidos, Austr\u00e1lia e [&hellip;]<\/p>\n","protected":false},"author":1,"featured_media":0,"parent":0,"menu_order":0,"comment_status":"closed","ping_status":"closed","template":"elementor_header_footer","meta":{"footnotes":""},"_links":{"self":[{"href":"https:\/\/kinpgroup.com\/en\/wp-json\/wp\/v2\/pages\/15"}],"collection":[{"href":"https:\/\/kinpgroup.com\/en\/wp-json\/wp\/v2\/pages"}],"about":[{"href":"https:\/\/kinpgroup.com\/en\/wp-json\/wp\/v2\/types\/page"}],"author":[{"embeddable":true,"href":"https:\/\/kinpgroup.com\/en\/wp-json\/wp\/v2\/users\/1"}],"replies":[{"embeddable":true,"href":"https:\/\/kinpgroup.com\/en\/wp-json\/wp\/v2\/comments?post=15"}],"version-history":[{"count":3,"href":"https:\/\/kinpgroup.com\/en\/wp-json\/wp\/v2\/pages\/15\/revisions"}],"predecessor-version":[{"id":951,"href":"https:\/\/kinpgroup.com\/en\/wp-json\/wp\/v2\/pages\/15\/revisions\/951"}],"wp:attachment":[{"href":"https:\/\/kinpgroup.com\/en\/wp-json\/wp\/v2\/media?parent=15"}],"curies":[{"name":"wp","href":"https:\/\/api.w.org\/{rel}","templated":true}]}}