{"id":643,"date":"2024-04-08T15:29:03","date_gmt":"2024-04-08T18:29:03","guid":{"rendered":"https:\/\/kinp.local\/?page_id=643"},"modified":"2024-04-10T19:25:29","modified_gmt":"2024-04-10T22:25:29","slug":"cookie-policy","status":"publish","type":"page","link":"https:\/\/kinpgroup.com\/en\/cookie-policy\/","title":{"rendered":"Cookie Policy"},"content":{"rendered":"<h2 class=\"wp-block-heading\">1. Introduction<\/h2>\n\n\n\n<p>This Cookie Policy (\u201cPolicy\u201d) explains how Kinp Group uses cookies, what types of cookies are used, for what purposes and how you can exercise your right to configure your browser and reject the use of any of them.<\/p>\n\n\n\n<p>For this, it is necessary to emphasize that if you decide not to use certain cookies, some functionality of the site may be compromised, impairing your experience as a user.<\/p>\n\n\n\n<h2 class=\"wp-block-heading\">2. What are cookies?<\/h2>\n\n\n\n<p>Cookies are text files containing small pieces of data that are stored on your computer or mobile device whenever you access a website.&nbsp;<\/p>\n\n\n\n<p>They are useful in allowing websites to function or work more efficiently, as well as providing information to website owners. Cookies enhance the user experience by allowing websites to read and write it, enabling them to recognize visitors and save important information that makes the use of the website more convenient for the visitor.<\/p>\n\n\n\n<p>O navegador do usu\u00e1rio memoriza cookies no disco r\u00edgido somente durante a sess\u00e3o atual, ocupando um espa\u00e7o de mem\u00f3ria m\u00ednima e n\u00e3o prejudicial ao computador.&nbsp;<\/p>\n\n\n\n<p>The user's browser memorizes cookies on the hard drive only during the current session, occupying minimal memory space and not harmful to the computer. Cookies do not contain any specific personal information and most of them are deleted from the hard drive once the browser session is closed (so-called session cookies).<\/p>\n\n\n\n<p>Cookies are associated with the browser, not the person, for this reason they do not memorize sensitive information about you. The data we store is technical, statistical, personal preferences and content customization.<\/p>\n\n\n\n<h2 class=\"wp-block-heading\">3. Consent<\/h2>\n\n\n\n<p>When accessing this website, and in accordance with current legislation on data protection, we make the use of cookies explicit, giving you the option to expressly consent and to have access to more information through this Cookies Policy.<\/p>\n\n\n\n<p>You should be aware that if you continue browsing our website, you will consent to the use of cookies. But at any time you can change your mind and block its use through your browser.<\/p>\n\n\n\n<p>This website complies with the legislation in force regarding the use of cookies and your personal data:<\/p>\n\n\n\n<ul>\n<li>Brazilian General Data Protection Law (Lei Geral de Prote\u00e7\u00e3o de Dados) - n.\u00ba 13.709\/2018);<\/li>\n\n\n\n<li>Marco Civil da Internet \u2013 n.\u00ba 12.965\/2014;<\/li>\n\n\n\n<li>European General Data Protection Regulation (GDPR).<\/li>\n<\/ul>\n\n\n\n<h2 class=\"wp-block-heading\">4. Types of cookies<\/h2>\n\n\n\n<p>In order to provide you with a better experience, obtain analytical data, store and retrieve information about your browsing habits or that of your team and develop your activity, the Kinp Group website uses its own and third-party cookies.<\/p>\n\n\n\n<div class= \"cky-audit-table-element\"><\/div>\n\n\n\n<h2 class=\"wp-block-heading\">5. Management and refusal of the use of cookies<\/h2>\n\n\n\n<p>The user can change or reject the use of cookies in his browser at any time.&nbsp;<\/p>\n\n\n\n<p>All cookies or only third-party cookies may be refused, as well as any of the cookies that are already on your device. For that, the user must consider the configuration of each browser and computer used, bearing in mind that cookies are associated with the browser.<\/p>\n\n\n\n<ul>\n<li>Google Chrome &#8211; <a href=\"https:\/\/support.google.com\/chrome\/answer\/95647?hl=pt-BR\" target=\"_blank\" rel=\"noopener\">https:\/\/support.google.com\/chrome\/answer\/95647?hl=pt-BR<\/a>&nbsp;<\/li>\n\n\n\n<li>Internet Explorer &#8211; <a href=\"https:\/\/support.microsoft.com\/pt-br\/help\/17442\/windows-internet-explorer-delete-manage-cookies#ie=ie-10\" target=\"_blank\" rel=\"noopener\">https:\/\/support.microsoft.com\/pt-br\/help\/17442\/windows-internet-explorer-delete-manage-cookies#ie=ie-10<\/a>&nbsp;<\/li>\n\n\n\n<li>Mozilla Firefox &#8211; <a href=\"https:\/\/support.mozilla.org\/pt-BR\/kb\/ative-e-desative-os-cookies-que-os-sites-usam\" target=\"_blank\" rel=\"noopener\">https:\/\/support.mozilla.org\/pt-BR\/kb\/ative-e-desative-os-cookies-que-os-sites-usam<\/a>&nbsp;<\/li>\n\n\n\n<li>Apple Safari &#8211; <a href=\"https:\/\/support.apple.com\/pt-br\/HT201265\" target=\"_blank\" rel=\"noopener\">https:\/\/support.apple.com\/pt-br\/HT201265<\/a>&nbsp;<\/li>\n<\/ul>\n\n\n\n<p>If you have any questions about this Cookies Policy, please contact: <a href=\"mailto:dpo@kinpgroup.com\">dpo@kinpgroup.com<\/a>.<\/p>","protected":false},"excerpt":{"rendered":"<p>1. Introdu\u00e7\u00e3o Esta Pol\u00edtica de Cookies (\u201cPol\u00edtica\u201d) explica como a Kinp Group usa cookies, quais os tipos de cookies utilizados, para quais finalidades e como voc\u00ea pode exercer o seu direito para configurar seu navegador e rejeitar o uso de qualquer uma delas. Para isto, \u00e9 necess\u00e1rio enfatizar que se voc\u00ea decidir n\u00e3o usar determinados [&hellip;]<\/p>\n","protected":false},"author":1,"featured_media":0,"parent":0,"menu_order":0,"comment_status":"closed","ping_status":"closed","template":"","meta":{"footnotes":""},"_links":{"self":[{"href":"https:\/\/kinpgroup.com\/en\/wp-json\/wp\/v2\/pages\/643"}],"collection":[{"href":"https:\/\/kinpgroup.com\/en\/wp-json\/wp\/v2\/pages"}],"about":[{"href":"https:\/\/kinpgroup.com\/en\/wp-json\/wp\/v2\/types\/page"}],"author":[{"embeddable":true,"href":"https:\/\/kinpgroup.com\/en\/wp-json\/wp\/v2\/users\/1"}],"replies":[{"embeddable":true,"href":"https:\/\/kinpgroup.com\/en\/wp-json\/wp\/v2\/comments?post=643"}],"version-history":[{"count":0,"href":"https:\/\/kinpgroup.com\/en\/wp-json\/wp\/v2\/pages\/643\/revisions"}],"wp:attachment":[{"href":"https:\/\/kinpgroup.com\/en\/wp-json\/wp\/v2\/media?parent=643"}],"curies":[{"name":"wp","href":"https:\/\/api.w.org\/{rel}","templated":true}]}}